{"id":3015,"date":"2023-03-07T17:06:03","date_gmt":"2023-03-07T15:06:03","guid":{"rendered":"https:\/\/www.bidfood.be\/index.php\/algemene-verkoopsvoorwaarden\/"},"modified":"2024-07-03T17:03:49","modified_gmt":"2024-07-03T15:03:49","slug":"algemene-verkoopsvoorwaarden","status":"publish","type":"page","link":"https:\/\/www.bidfood.be\/nl\/algemene-verkoopsvoorwaarden\/","title":{"rendered":"Algemene verkoopsvoorwaarden"},"content":{"rendered":"\t\t<div data-elementor-type=\"wp-page\" data-elementor-id=\"3015\" class=\"elementor elementor-3015 elementor-2136\">\n\t\t\t\t\t\t\t\t\t<section class=\" elementor-section elementor-top-section elementor-element elementor-element-1e133bf elementor-section-boxed elementor-section-height-default elementor-section-height-default\" data-id=\"1e133bf\" data-element_type=\"section\">\r\n\t\t\t\t\t\t\t\t<div class=\"elementor-container elementor-column-gap-default\">\r\n\t\t\t\t\r\n\t\t\t\t\t\t\t\t<div class=\" elementor-column elementor-col-100 elementor-top-column elementor-element elementor-element-0533418 \" data-id=\"0533418\" data-element_type=\"column\">\r\n\r\n\t\t\t\t\r\n\t\t\t\t<div class=\"elementor-widget-wrap elementor-element-populated\">\r\n\t\t\t\t\t\t\t\t\t\t\r\n\t\t\t\t\t\t<div class=\"elementor-element elementor-element-97cc3f8 elementor-widget elementor-widget-text-editor\" data-id=\"97cc3f8\" data-element_type=\"widget\" data-widget_type=\"text-editor.default\">\n\t\t\t\t<div class=\"elementor-widget-container\">\n\t\t\t<style>\/*! elementor - v3.18.0 - 20-12-2023 *\/\n.elementor-widget-text-editor.elementor-drop-cap-view-stacked .elementor-drop-cap{background-color:#69727d;color:#fff}.elementor-widget-text-editor.elementor-drop-cap-view-framed .elementor-drop-cap{color:#69727d;border:3px solid;background-color:transparent}.elementor-widget-text-editor:not(.elementor-drop-cap-view-default) .elementor-drop-cap{margin-top:8px}.elementor-widget-text-editor:not(.elementor-drop-cap-view-default) .elementor-drop-cap-letter{width:1em;height:1em}.elementor-widget-text-editor .elementor-drop-cap{float:left;text-align:center;line-height:1;font-size:50px}.elementor-widget-text-editor .elementor-drop-cap-letter{display:inline-block}<\/style>\t\t\t\t<h3 style=\"text-align: center;\"><strong><u>ALGEMENE VERKOOPSVOORWAARDEN<\/u><\/strong><\/h3><ol><li><u>Toepassingsgebied<\/u><\/li><\/ol><p>Voor de toepassing van de algemene verkoopsvoorwaarden (hierna AVV genoemd)\u00a0 verwijst de term &#8220;Bidfood of Verkoper&#8221; zowel naar Bidfood NV als naar Bidfood Flanders. De partijen erkennen uitdrukkelijk dat de onderhavige AVV ter kennis van de koper gebracht zijn voor elke (mondelinge schriftelijke en\/of elektronisch ) bestelling en\/of bij de in ontvangstname van de producten. De AVV zijn van toepassing op al onze contractuele betrekkingen, behoudens in het kader van de openbare aanbestedingsprocedure, of de wijzigingen welke in onderlinge toestemming van beide partijen schriftelijk overeengekomen zijn en met uitzondering van alle andere voorwaarden, deze van de koper inbegrepen. Ze zijn altijd beschikbaar op de website <a href=\"https:\/\/mybidfood.be\">https:\/\/mybidfood.be<\/a><\/p><p>\u00a0<\/p><p>In het kader van aanbestedingen en specifieke overeengekomen overeenkomsten tussen partijen, hebben de AVV een aanvullend karakter en ze zijn slechts van toepassing in geval van stilzwijgen van de specifieke overeenkomst. Ze zijn niet van toepassing als de aanbestedingsdocumenten hun toepassing uitsluiten. De leveringen \u201cbuiten contract\/overheidsopdrachten\u201d zijn volledig onderworpen aan de huidige AVV. Met andere woorden, de specifieke voorwaarden van een overheidsopdracht kunnen nooit stilzwijgend uitgebreid worden tot bestellingen en leveringen die geen deel uitmaken van het contract waarover onderhandeld werd.<\/p><p>\u00a0<\/p><ol start=\"2\"><li><u>Bestelling<\/u><\/li><\/ol><p>Iedere bestelbon die door de Klant aan Bidfood is overgemaakt, geldt als bevestiging van een bestelling, behoudens tegenbericht van Bidfood binnen de 48 uur na de ontvangst ervan. Tenzij anders bepaald in het contract, in geval van een bestelbon en levering voor een bedrag minder dan 350 EUR exclusief BTW, zal Bidfood gerechtigd zijn een forfaitair bedrag van 50 EUR exclusief BTW te factureren teneinde haar bijkomende kosten te dekken (o.a. haar transportkosten). Wanneer de bestelling het minimumbedrag niet bereikt, kan de koper de bestelling verplaatsen en combineren met de volgende bestelling, of producten toevoegen om het minimumbedrag te bereiken.<\/p><p>\u00a0<\/p><ol start=\"3\"><li><u>Prijzen<\/u><\/li><\/ol><p>De prijzen van onze prijslijst zijn slechts geldig tijdens de periode van publicatie of aanduiding van de genoemde prijslijst. Na deze termijn kunnen onze prijzen gewijzigd worden zonder enige voorafgaande kennisgeving of verwittiging, ondanks de aanvaarding van de offerte. Eveneens, omwille van de prijsschommelingen op de voedingsmiddelenmarkt, de prijswijziging van onze importproducten, wijzigingen in de toepasselijke taksen, elke gebeurtenis die zich na de aanvaarding van de bestelling voordoet, die onafhankelijk is van onze wil en die de uitvoering van het contract duurder maakt, zal van rechtswege en zonder voorafgaande kennisgeving aanleiding geven tot een aanpassing van onze prijzen aan die objectieve marktgegevens. Actieprijzen zijn alleen geldig indien levering tijdens de actieperiode plaatsvindt.<\/p><p>\u00a0<\/p><ol start=\"4\"><li><u>Aanvaarding en klachten<\/u><\/li><\/ol><p>De goederen worden aanvaard door het loutere feit van hun afhaling indien het materi\u00eble vervoer geschiedt door de koper, door zijn aangestelden, lasthebbers of tussenpersonen, of door iedere andere persoon met wie hij een overeenkomst betreffende dit vervoer heeft afgesloten. In geval van levering door Bidfood, worden de goederen geacht te zijn aanvaard door het loutere feit van hun levering in de etablissementen van de koper, behoudens met redenen omkleed voorbehoud dat onmiddellijk wordt geuit aan de bezorger en waarvan melding dient te worden gemaakt op de vervoerdocumenten. De leveringstermijnen worden slechts ten indicatieve titel gegeven.<\/p><p>\u00a0<\/p><p>Iedere kwantitatieve (bv. niet-geleverd product) of kwalitatieve (bv. beschadigde verpakking) afwijking met betrekking tot de geleverde producten moet binnen 48 werkuren na levering aan de Klantendienst worden gemeld. En tout \u00e9tat de cause, en cas de livraison non conforme ou d\u00e9fectueuse, la responsabilit\u00e9 de Bidvest se limite au remplacement, dans un d\u00e9lai normal, de la partie de la livraison faisant l\u2019objet de la r\u00e9clamation sans autre indemnit\u00e9.In ieder geval, beperkt de verantwoordelijkheid van Bidfood zich, bij een vastgestelde niet conforme of gebrekkige levering, tot de vervanging, binnen een normale termijn, van het onderdeel van de levering dat het voorwerp uitmaakt van de klacht, zonder andere schadeloosstelling. Indien de afgehaalde goederen tenietgaan of vernietigd, beschadigd of in kwaliteit achteruitgaan ten gevolge van overmacht, blijft de Klant verplicht de prijs te betalen. Zodra de goederen worden overhandigd, draagt alleen de Klant alle risico&#8217;s die verbonden zijn aan de eigendom van de goederen, evenals de risico&#8217;s die verbonden zijn aan het transport. In afwijking van artikel 5.80 van het Burgerlijk Wetboek houdt het afhalen van de goederen de volledige overdracht in van de risico&#8217;s van de afgehaalde goederen, maar de eigendom van deze goederen gaat pas definitief over na ontvangst van de betaling door de Klant. Klachten met betrekking tot het factureren van een verkeerde prijs moeten schriftelijk worden gemeld binnen een termijn van 8 kalenderdagen na ontvangst van de factuur.<\/p><p>\u00a0<\/p><ol start=\"5\"><li><u>Statiegeld<\/u><\/li><\/ol><p>De Klant is als enige verantwoordelijk voor het beheer van de verpakkingen dat hij samen met de goederen ontvangt of dat hij opslaat. De verpakkingen worden opgenomen tegen de waarde van het statiegeld dat op de factuur wordt vermeld.<\/p><p>\u00a0<\/p><ol start=\"6\"><li><u>Betalings-termijn-achterstand<\/u><\/li><\/ol><p>Tenzij schriftelijk anders overeengekomen, worden de bestellingen geacht op onze zetel te zijn geplaatst en worden onze facturen binnen 15 dagen na ontvangst van de factuur betaald op het rekeningnummer vermeld op de factuur. Elke op de vervaldatum onbetaalde som geeft van rechtswege en zonder voorafgaande aanmaning aanleiding tot een conventionele interest van 12% per jaar vanaf de vervaldatum van de factuur. Bovendien zal elke op de vervaldatum onbetaalde som van rechtswege en zonder voorafgaande aanmaning vermeerderd worden met een conventionele schadevergoeding, te beschouwen als schadebeding, ten bedrage van 15 % van de onbetaalde gefactureerde som en met een minimum van \u20ac 75,00 per openstaande factuur. Elke gedeeltelijke betaling zal eerst afgetrokken worden van de kosten, vervolgens van de vervallen interesten en tenslotte van het kapitaal in weerwil van de inhoud van elke meegedeelde afrekening en van elke vroeger medegedeelde tussentijdse aanwending. In geval van gerechtelijke invordering van een factuur, is de koper daarenboven de redelijke invorderingskosten verschuldigd, met inbegrip van de interne beheerskosten welke het bedrag van de hierboven vermelde forfaitaire schadevergoeding te boven gaan. De artikelen XIX.2 \u00a71 tot XIX.4 van het Wetboek Economisch Recht zijn alleen van toepassing als de Klant een consument is in de zin van de wetgeving.<\/p><p>\u00a0<\/p><ol start=\"7\"><li><u>Vervalclausule<\/u><\/li><\/ol><p>De volledige of gedeeltelijke niet-betaling van een factuur op haar vervaldag maakt alle andere facturen die op naam van dezelfde klant opgesteld zijn, zelfs al zijn deze facturen op termijn betaalbaar, onmiddellijk en zonder voorafgaandelijke ingebrekestelling opeisbaar. Bijgevolg wordt de totale som van de nog openstaande facturen opeisbaar. Bovendien, geeft iedere bestelling die niet op de vervaldag is betaald, Bidfood het recht om alle contracten die na de onbetaalde bestelling worden afgesloten, van rechtswege en zonder ingebrekestelling als ontbonden te beschouwen ten nadele van de koper. In dit geval is van rechtswege een som opeisbaar gelijk aan 30% van het (de) ontbonden contract(en). Indien Bidfood niet voor de ontbinding opteert, heeft deze het recht om, zonder voorafgaande verwittiging, zijn leveringen op te schorten zolang de vorige leveringen en facturen onbetaald blijven.<\/p><p>\u00a0<\/p><ol start=\"8\"><li><u>Overmacht<\/u><\/li><\/ol><p>Bidfood is geenszins aansprakelijk indien hij ingevolge toeval of overmacht in de onmogelijkheid verkeert om zijn verplichtingen na te komen. Met overmacht worden o.m. gelijkgesteld: oorlog, oproer, staking, gezondheids- of voedselcrisis, sociale onrust, machinebreuk, het aanzienlijk duurder of schaars worden van grondstoffen, van arbeidskrachten, van energie of van vervoer, of iedere omstandigheid die de uitvoering van het contract uitzonderlijk duurder maakt.<\/p><p>\u00a0<\/p><ol start=\"9\"><li><u>Gedeeltelijke nietigheid<\/u><\/li><\/ol><p>In het geval van nietigheid, of niet toepasbaarheid van een van de bepalingen van deze AVV blijven alle andere bepalingen integraal van toepassing.<\/p><p>\u00a0<\/p><ol start=\"10\"><li><u>Bescherming van persoonsgegevens<\/u><\/li><\/ol><p>De verwerking van uw persoonsgegevens gebeurt in overeenstemming met de wetgeving inzake gegevensbescherming. We verwijzen naar onze verklaring inzake gegevensbescherming beschikbaar op<\/p><p><a href=\"https:\/\/www.bidfood.be\/nl\/privacy-policy-nl\/\">https:\/\/www.bidfood.be\/nl\/privacy-policy-nl\/<\/a><\/p><p>\u00a0<\/p><ol start=\"11\"><li><u>Bevoegdheid en toepasselijk recht<\/u><\/li><\/ol><p>Elk geschil met betrekking tot de interpretatie of de uitvoering van de overeenkomst behoort tot de uitsluitende bevoegdheid van de rechtbanken van het gerechtelijk arrondissement van de verkoper. Het Belgisch recht is van toepassing.<\/p>\t\t\t\t\t\t<\/div>\n\t\t\t\t<\/div>\n\t\t\t\t\t\t<\/div>\r\n\t\t\t\t<\/div>\r\n\t\t\t\t\t\t\t\t<\/div>\r\n\t\t\t<\/section>\r\n\t\t\t\t\t\t\t\t<\/div>\n\t\t","protected":false},"excerpt":{"rendered":"<p>ALGEMENE VERKOOPSVOORWAARDEN Toepassingsgebied Voor de toepassing van de algemene verkoopsvoorwaarden (hierna AVV genoemd)\u00a0 verwijst de term &#8220;Bidfood of Verkoper&#8221; zowel naar Bidfood NV als naar Bidfood Flanders. De partijen erkennen uitdrukkelijk dat de onderhavige AVV ter kennis van de koper gebracht zijn voor elke (mondelinge schriftelijke en\/of elektronisch ) bestelling en\/of bij de in ontvangstname [&hellip;]<\/p>\n","protected":false},"author":2,"featured_media":0,"parent":0,"menu_order":0,"comment_status":"closed","ping_status":"closed","template":"","meta":{"_monsterinsights_skip_tracking":false,"_monsterinsights_sitenote_active":false,"_monsterinsights_sitenote_note":"","_monsterinsights_sitenote_category":0,"footnotes":""},"class_list":["post-3015","page","type-page","status-publish","hentry"],"yoast_head":"<!-- This site is optimized with the Yoast SEO plugin v27.0 - https:\/\/yoast.com\/product\/yoast-seo-wordpress\/ -->\n<title>Algemene verkoopsvoorwaarden - Bidfood Belgium<\/title>\n<meta name=\"robots\" content=\"index, follow, max-snippet:-1, max-image-preview:large, max-video-preview:-1\" \/>\n<link rel=\"canonical\" href=\"https:\/\/www.bidfood.be\/nl\/algemene-verkoopsvoorwaarden\/\" \/>\n<meta property=\"og:locale\" content=\"nl_NL\" \/>\n<meta property=\"og:type\" content=\"article\" \/>\n<meta property=\"og:title\" content=\"Algemene verkoopsvoorwaarden - Bidfood Belgium\" \/>\n<meta property=\"og:description\" content=\"ALGEMENE VERKOOPSVOORWAARDEN Toepassingsgebied Voor de toepassing van de algemene verkoopsvoorwaarden (hierna AVV genoemd)\u00a0 verwijst de term &#8220;Bidfood of Verkoper&#8221; zowel naar Bidfood NV als naar Bidfood Flanders. De partijen erkennen uitdrukkelijk dat de onderhavige AVV ter kennis van de koper gebracht zijn voor elke (mondelinge schriftelijke en\/of elektronisch ) bestelling en\/of bij de in ontvangstname [&hellip;]\" \/>\n<meta property=\"og:url\" content=\"https:\/\/www.bidfood.be\/nl\/algemene-verkoopsvoorwaarden\/\" \/>\n<meta property=\"og:site_name\" content=\"Bidfood Belgium\" \/>\n<meta property=\"article:publisher\" content=\"https:\/\/www.facebook.com\/bidfoodbelgium\" \/>\n<meta property=\"article:modified_time\" content=\"2024-07-03T15:03:49+00:00\" \/>\n<meta name=\"twitter:card\" content=\"summary_large_image\" \/>\n<meta name=\"twitter:label1\" content=\"Geschatte leestijd\" \/>\n\t<meta name=\"twitter:data1\" content=\"7 minuten\" \/>\n<script type=\"application\/ld+json\" class=\"yoast-schema-graph\">{\"@context\":\"https:\/\/schema.org\",\"@graph\":[{\"@type\":\"WebPage\",\"@id\":\"https:\/\/www.bidfood.be\/nl\/algemene-verkoopsvoorwaarden\/\",\"url\":\"https:\/\/www.bidfood.be\/nl\/algemene-verkoopsvoorwaarden\/\",\"name\":\"Algemene verkoopsvoorwaarden - Bidfood Belgium\",\"isPartOf\":{\"@id\":\"https:\/\/www.bidfood.be\/nl\/#website\"},\"datePublished\":\"2023-03-07T15:06:03+00:00\",\"dateModified\":\"2024-07-03T15:03:49+00:00\",\"breadcrumb\":{\"@id\":\"https:\/\/www.bidfood.be\/nl\/algemene-verkoopsvoorwaarden\/#breadcrumb\"},\"inLanguage\":\"nl-NL\",\"potentialAction\":[{\"@type\":\"ReadAction\",\"target\":[\"https:\/\/www.bidfood.be\/nl\/algemene-verkoopsvoorwaarden\/\"]}]},{\"@type\":\"BreadcrumbList\",\"@id\":\"https:\/\/www.bidfood.be\/nl\/algemene-verkoopsvoorwaarden\/#breadcrumb\",\"itemListElement\":[{\"@type\":\"ListItem\",\"position\":1,\"name\":\"Accueil\",\"item\":\"https:\/\/www.bidfood.be\/nl\/\"},{\"@type\":\"ListItem\",\"position\":2,\"name\":\"Algemene verkoopsvoorwaarden\"}]},{\"@type\":\"WebSite\",\"@id\":\"https:\/\/www.bidfood.be\/nl\/#website\",\"url\":\"https:\/\/www.bidfood.be\/nl\/\",\"name\":\"Bidfood Belgium\",\"description\":\"Inspired By You\",\"publisher\":{\"@id\":\"https:\/\/www.bidfood.be\/nl\/#organization\"},\"potentialAction\":[{\"@type\":\"SearchAction\",\"target\":{\"@type\":\"EntryPoint\",\"urlTemplate\":\"https:\/\/www.bidfood.be\/nl\/?s={search_term_string}\"},\"query-input\":{\"@type\":\"PropertyValueSpecification\",\"valueRequired\":true,\"valueName\":\"search_term_string\"}}],\"inLanguage\":\"nl-NL\"},{\"@type\":\"Organization\",\"@id\":\"https:\/\/www.bidfood.be\/nl\/#organization\",\"name\":\"Bidfood Belgium\",\"url\":\"https:\/\/www.bidfood.be\/nl\/\",\"logo\":{\"@type\":\"ImageObject\",\"inLanguage\":\"nl-NL\",\"@id\":\"https:\/\/www.bidfood.be\/nl\/#\/schema\/logo\/image\/\",\"url\":\"https:\/\/www.bidfood.be\/wp-content\/uploads\/2022\/11\/bidfood-logo-site-350x100-1.png\",\"contentUrl\":\"https:\/\/www.bidfood.be\/wp-content\/uploads\/2022\/11\/bidfood-logo-site-350x100-1.png\",\"width\":350,\"height\":100,\"caption\":\"Bidfood Belgium\"},\"image\":{\"@id\":\"https:\/\/www.bidfood.be\/nl\/#\/schema\/logo\/image\/\"},\"sameAs\":[\"https:\/\/www.facebook.com\/bidfoodbelgium\",\"https:\/\/www.linkedin.com\/company\/bidfood-belgium\/\",\"https:\/\/www.instagram.com\/bidfoodbe\/\"]}]}<\/script>\n<!-- \/ Yoast SEO plugin. -->","yoast_head_json":{"title":"Algemene verkoopsvoorwaarden - Bidfood Belgium","robots":{"index":"index","follow":"follow","max-snippet":"max-snippet:-1","max-image-preview":"max-image-preview:large","max-video-preview":"max-video-preview:-1"},"canonical":"https:\/\/www.bidfood.be\/nl\/algemene-verkoopsvoorwaarden\/","og_locale":"nl_NL","og_type":"article","og_title":"Algemene verkoopsvoorwaarden - Bidfood Belgium","og_description":"ALGEMENE VERKOOPSVOORWAARDEN Toepassingsgebied Voor de toepassing van de algemene verkoopsvoorwaarden (hierna AVV genoemd)\u00a0 verwijst de term &#8220;Bidfood of Verkoper&#8221; zowel naar Bidfood NV als naar Bidfood Flanders. De partijen erkennen uitdrukkelijk dat de onderhavige AVV ter kennis van de koper gebracht zijn voor elke (mondelinge schriftelijke en\/of elektronisch ) bestelling en\/of bij de in ontvangstname [&hellip;]","og_url":"https:\/\/www.bidfood.be\/nl\/algemene-verkoopsvoorwaarden\/","og_site_name":"Bidfood Belgium","article_publisher":"https:\/\/www.facebook.com\/bidfoodbelgium","article_modified_time":"2024-07-03T15:03:49+00:00","twitter_card":"summary_large_image","twitter_misc":{"Geschatte leestijd":"7 minuten"},"schema":{"@context":"https:\/\/schema.org","@graph":[{"@type":"WebPage","@id":"https:\/\/www.bidfood.be\/nl\/algemene-verkoopsvoorwaarden\/","url":"https:\/\/www.bidfood.be\/nl\/algemene-verkoopsvoorwaarden\/","name":"Algemene verkoopsvoorwaarden - Bidfood Belgium","isPartOf":{"@id":"https:\/\/www.bidfood.be\/nl\/#website"},"datePublished":"2023-03-07T15:06:03+00:00","dateModified":"2024-07-03T15:03:49+00:00","breadcrumb":{"@id":"https:\/\/www.bidfood.be\/nl\/algemene-verkoopsvoorwaarden\/#breadcrumb"},"inLanguage":"nl-NL","potentialAction":[{"@type":"ReadAction","target":["https:\/\/www.bidfood.be\/nl\/algemene-verkoopsvoorwaarden\/"]}]},{"@type":"BreadcrumbList","@id":"https:\/\/www.bidfood.be\/nl\/algemene-verkoopsvoorwaarden\/#breadcrumb","itemListElement":[{"@type":"ListItem","position":1,"name":"Accueil","item":"https:\/\/www.bidfood.be\/nl\/"},{"@type":"ListItem","position":2,"name":"Algemene verkoopsvoorwaarden"}]},{"@type":"WebSite","@id":"https:\/\/www.bidfood.be\/nl\/#website","url":"https:\/\/www.bidfood.be\/nl\/","name":"Bidfood Belgium","description":"Inspired By You","publisher":{"@id":"https:\/\/www.bidfood.be\/nl\/#organization"},"potentialAction":[{"@type":"SearchAction","target":{"@type":"EntryPoint","urlTemplate":"https:\/\/www.bidfood.be\/nl\/?s={search_term_string}"},"query-input":{"@type":"PropertyValueSpecification","valueRequired":true,"valueName":"search_term_string"}}],"inLanguage":"nl-NL"},{"@type":"Organization","@id":"https:\/\/www.bidfood.be\/nl\/#organization","name":"Bidfood Belgium","url":"https:\/\/www.bidfood.be\/nl\/","logo":{"@type":"ImageObject","inLanguage":"nl-NL","@id":"https:\/\/www.bidfood.be\/nl\/#\/schema\/logo\/image\/","url":"https:\/\/www.bidfood.be\/wp-content\/uploads\/2022\/11\/bidfood-logo-site-350x100-1.png","contentUrl":"https:\/\/www.bidfood.be\/wp-content\/uploads\/2022\/11\/bidfood-logo-site-350x100-1.png","width":350,"height":100,"caption":"Bidfood Belgium"},"image":{"@id":"https:\/\/www.bidfood.be\/nl\/#\/schema\/logo\/image\/"},"sameAs":["https:\/\/www.facebook.com\/bidfoodbelgium","https:\/\/www.linkedin.com\/company\/bidfood-belgium\/","https:\/\/www.instagram.com\/bidfoodbe\/"]}]}},"_links":{"self":[{"href":"https:\/\/www.bidfood.be\/nl\/wp-json\/wp\/v2\/pages\/3015","targetHints":{"allow":["GET"]}}],"collection":[{"href":"https:\/\/www.bidfood.be\/nl\/wp-json\/wp\/v2\/pages"}],"about":[{"href":"https:\/\/www.bidfood.be\/nl\/wp-json\/wp\/v2\/types\/page"}],"author":[{"embeddable":true,"href":"https:\/\/www.bidfood.be\/nl\/wp-json\/wp\/v2\/users\/2"}],"replies":[{"embeddable":true,"href":"https:\/\/www.bidfood.be\/nl\/wp-json\/wp\/v2\/comments?post=3015"}],"version-history":[{"count":7,"href":"https:\/\/www.bidfood.be\/nl\/wp-json\/wp\/v2\/pages\/3015\/revisions"}],"predecessor-version":[{"id":6458,"href":"https:\/\/www.bidfood.be\/nl\/wp-json\/wp\/v2\/pages\/3015\/revisions\/6458"}],"wp:attachment":[{"href":"https:\/\/www.bidfood.be\/nl\/wp-json\/wp\/v2\/media?parent=3015"}],"curies":[{"name":"wp","href":"https:\/\/api.w.org\/{rel}","templated":true}]}}