{"id":5275,"date":"2023-06-27T11:08:00","date_gmt":"2023-06-27T09:08:00","guid":{"rendered":"https:\/\/www.bidfood.be\/mvo\/raal\/"},"modified":"2023-10-09T14:08:34","modified_gmt":"2023-10-09T12:08:34","slug":"raal","status":"publish","type":"page","link":"https:\/\/www.bidfood.be\/nl\/mvo\/raal\/","title":{"rendered":"RAAL"},"content":{"rendered":"\t\t<div data-elementor-type=\"wp-page\" data-elementor-id=\"5275\" class=\"elementor elementor-5275 elementor-4509\">\n\t\t\t\t\t\t\t\t\t<section class=\" elementor-section elementor-top-section elementor-element elementor-element-a2329be elementor-section-full_width elementor-section-stretched elementor-section-height-default elementor-section-height-default\" data-id=\"a2329be\" data-element_type=\"section\" data-settings=\"{&quot;stretch_section&quot;:&quot;section-stretched&quot;}\">\r\n\t\t\t\t\t\t\t\t<div class=\"elementor-container elementor-column-gap-default\">\r\n\t\t\t\t\r\n\t\t\t\t\t\t\t\t<div class=\" elementor-column elementor-col-100 elementor-top-column elementor-element elementor-element-7ece1a2 \" data-id=\"7ece1a2\" data-element_type=\"column\">\r\n\r\n\t\t\t\t\r\n\t\t\t\t<div class=\"elementor-widget-wrap elementor-element-populated\">\r\n\t\t\t\t\t\t\t\t\t\t\r\n\t\t\t\t\t\t<div class=\"elementor-element elementor-element-f8ac9f4 elementor-widget elementor-widget-slider_revolution\" data-id=\"f8ac9f4\" data-element_type=\"widget\" data-widget_type=\"slider_revolution.default\">\n\t\t\t\t<div class=\"elementor-widget-container\">\n\t\t\t\n\t\t<div class=\"wp-block-themepunch-revslider\">\n\t\t\t<!-- START RAAL REVOLUTION SLIDER 6.5.24 --><p class=\"rs-p-wp-fix\"><\/p>\n\t\t\t<rs-module-wrap id=\"rev_slider_70_1_wrapper\" data-source=\"gallery\" style=\"visibility:hidden;background:transparent;padding:0;margin:0px auto;margin-top:0;margin-bottom:0;\">\n\t\t\t\t<rs-module id=\"rev_slider_70_1\" style=\"\" data-version=\"6.5.24\">\n\t\t\t\t\t<rs-slides>\n\t\t\t\t\t\t<rs-slide style=\"position: absolute;\" data-key=\"rs-97\" data-title=\"Slide\" data-in=\"o:0;\" data-out=\"a:false;\">\n\t\t\t\t\t\t\t<img fetchpriority=\"high\" decoding=\"async\" src=\"\/\/www.bidfood.be\/wp-content\/plugins\/revslider\/public\/assets\/assets\/dummy.png\" alt=\"\" title=\"RAAL.2\" width=\"2500\" height=\"600\" class=\"rev-slidebg tp-rs-img rs-lazyload\" data-lazyload=\"\/\/www.bidfood.be\/wp-content\/uploads\/2023\/05\/RAAL.2.png\" data-no-retina>\n<!---->\t\t\t\t\t\t<\/rs-slide>\n\t\t\t\t\t<\/rs-slides>\n\t\t\t\t<\/rs-module>\n\t\t\t\t<script>\n\t\t\t\t\tsetREVStartSize({c: 'rev_slider_70_1',rl:[1240,1024,778,480],el:[300],gw:[1240],gh:[300],type:'standard',justify:'',layout:'fullwidth',mh:\"0\"});if (window.RS_MODULES!==undefined && window.RS_MODULES.modules!==undefined && window.RS_MODULES.modules[\"revslider701\"]!==undefined) {window.RS_MODULES.modules[\"revslider701\"].once = false;window.revapi70 = undefined;if (window.RS_MODULES.checkMinimal!==undefined) window.RS_MODULES.checkMinimal()}\n\t\t\t\t<\/script>\n\t\t\t<\/rs-module-wrap>\n\t\t\t<!-- END REVOLUTION SLIDER -->\n<\/div>\n\n\t\t\t\t<\/div>\n\t\t\t\t<\/div>\n\t\t\t\t\t\t<\/div>\r\n\t\t\t\t<\/div>\r\n\t\t\t\t\t\t\t\t<\/div>\r\n\t\t\t<\/section>\r\n\t\t\t\t\t<section class=\" elementor-section elementor-top-section elementor-element elementor-element-1fc5244 elementor-section-boxed elementor-section-height-default elementor-section-height-default\" data-id=\"1fc5244\" data-element_type=\"section\">\r\n\t\t\t\t\t\t\t\t<div class=\"elementor-container elementor-column-gap-default\">\r\n\t\t\t\t\r\n\t\t\t\t\t\t\t\t<div class=\" elementor-column elementor-col-100 elementor-top-column elementor-element elementor-element-acdab94 \" data-id=\"acdab94\" data-element_type=\"column\">\r\n\r\n\t\t\t\t\r\n\t\t\t\t<div class=\"elementor-widget-wrap elementor-element-populated\">\r\n\t\t\t\t\t\t\t\t\t\t\r\n\t\t\t\t\t\t<div class=\"elementor-element elementor-element-bfa9ce1 elementor-widget elementor-widget-spacer\" data-id=\"bfa9ce1\" data-element_type=\"widget\" data-widget_type=\"spacer.default\">\n\t\t\t\t<div class=\"elementor-widget-container\">\n\t\t\t<style>\/*! elementor - v3.18.0 - 20-12-2023 *\/\n.elementor-column .elementor-spacer-inner{height:var(--spacer-size)}.e-con{--container-widget-width:100%}.e-con-inner>.elementor-widget-spacer,.e-con>.elementor-widget-spacer{width:var(--container-widget-width,var(--spacer-size));--align-self:var(--container-widget-align-self,initial);--flex-shrink:0}.e-con-inner>.elementor-widget-spacer>.elementor-widget-container,.e-con>.elementor-widget-spacer>.elementor-widget-container{height:100%;width:100%}.e-con-inner>.elementor-widget-spacer>.elementor-widget-container>.elementor-spacer,.e-con>.elementor-widget-spacer>.elementor-widget-container>.elementor-spacer{height:100%}.e-con-inner>.elementor-widget-spacer>.elementor-widget-container>.elementor-spacer>.elementor-spacer-inner,.e-con>.elementor-widget-spacer>.elementor-widget-container>.elementor-spacer>.elementor-spacer-inner{height:var(--container-widget-height,var(--spacer-size))}.e-con-inner>.elementor-widget-spacer.elementor-widget-empty,.e-con>.elementor-widget-spacer.elementor-widget-empty{position:relative;min-height:22px;min-width:22px}.e-con-inner>.elementor-widget-spacer.elementor-widget-empty .elementor-widget-empty-icon,.e-con>.elementor-widget-spacer.elementor-widget-empty .elementor-widget-empty-icon{position:absolute;top:0;bottom:0;left:0;right:0;margin:auto;padding:0;width:22px;height:22px}<\/style>\t\t<div class=\"elementor-spacer\">\n\t\t\t<div class=\"elementor-spacer-inner\"><\/div>\n\t\t<\/div>\n\t\t\t\t<\/div>\n\t\t\t\t<\/div>\n\t\t\t\t\t\t<\/div>\r\n\t\t\t\t<\/div>\r\n\t\t\t\t\t\t\t\t<\/div>\r\n\t\t\t<\/section>\r\n\t\t\t\t\t<section class=\" elementor-section elementor-top-section elementor-element elementor-element-cc3df78 elementor-section-boxed elementor-section-height-default elementor-section-height-default\" data-id=\"cc3df78\" data-element_type=\"section\">\r\n\t\t\t\t\t\t\t\t<div class=\"elementor-container elementor-column-gap-default\">\r\n\t\t\t\t\r\n\t\t\t\t\t\t\t\t<div class=\" elementor-column elementor-col-100 elementor-top-column elementor-element elementor-element-6694482 \" data-id=\"6694482\" data-element_type=\"column\">\r\n\r\n\t\t\t\t\r\n\t\t\t\t<div class=\"elementor-widget-wrap elementor-element-populated\">\r\n\t\t\t\t\t\t\t\t\t\t\r\n\t\t\t\t\t\t<div class=\"elementor-element elementor-element-9cecea7 elementor-widget elementor-widget-text-editor\" data-id=\"9cecea7\" data-element_type=\"widget\" data-widget_type=\"text-editor.default\">\n\t\t\t\t<div class=\"elementor-widget-container\">\n\t\t\t<style>\/*! elementor - v3.18.0 - 20-12-2023 *\/\n.elementor-widget-text-editor.elementor-drop-cap-view-stacked .elementor-drop-cap{background-color:#69727d;color:#fff}.elementor-widget-text-editor.elementor-drop-cap-view-framed .elementor-drop-cap{color:#69727d;border:3px solid;background-color:transparent}.elementor-widget-text-editor:not(.elementor-drop-cap-view-default) .elementor-drop-cap{margin-top:8px}.elementor-widget-text-editor:not(.elementor-drop-cap-view-default) .elementor-drop-cap-letter{width:1em;height:1em}.elementor-widget-text-editor .elementor-drop-cap{float:left;text-align:center;line-height:1;font-size:50px}.elementor-widget-text-editor .elementor-drop-cap-letter{display:inline-block}<\/style>\t\t\t\t<h2 style=\"text-align: center;\"><strong>Bidfood is trots om RAAL te steunen<\/strong><\/h2>\n\t\t\t\t\t\t<\/div>\n\t\t\t\t<\/div>\n\t\t\t\t\t\t<\/div>\r\n\t\t\t\t<\/div>\r\n\t\t\t\t\t\t\t\t<\/div>\r\n\t\t\t<\/section>\r\n\t\t\t\t\t<section class=\" elementor-section elementor-top-section elementor-element elementor-element-673d4d1 elementor-section-boxed elementor-section-height-default elementor-section-height-default\" data-id=\"673d4d1\" data-element_type=\"section\">\r\n\t\t\t\t\t\t\t\t<div class=\"elementor-container elementor-column-gap-default\">\r\n\t\t\t\t\r\n\t\t\t\t\t\t\t\t<div class=\" elementor-column elementor-col-50 elementor-top-column elementor-element elementor-element-070c57f \" data-id=\"070c57f\" data-element_type=\"column\">\r\n\r\n\t\t\t\t\r\n\t\t\t\t<div class=\"elementor-widget-wrap elementor-element-populated\">\r\n\t\t\t\t\t\t\t\t\t\t\r\n\t\t\t\t\t\t<div class=\"elementor-element elementor-element-6e0a4a2 elementor-widget elementor-widget-text-editor\" data-id=\"6e0a4a2\" data-element_type=\"widget\" data-widget_type=\"text-editor.default\">\n\t\t\t\t<div class=\"elementor-widget-container\">\n\t\t\t\t\t\t\t<h3><strong>Wat is RAAL?<\/strong><\/h3>\n\t\t\t\t\t\t<\/div>\n\t\t\t\t<\/div>\n\t\t\t\t<div class=\"elementor-element elementor-element-0d69aa3 elementor-widget elementor-widget-text-editor\" data-id=\"0d69aa3\" data-element_type=\"widget\" data-widget_type=\"text-editor.default\">\n\t\t\t\t<div class=\"elementor-widget-container\">\n\t\t\t\t\t\t\t<p>RAAL La Louvi\u00e8re is een Belgische voetbalclub uit La Louvi\u00e8re, in de regio Centre. Na een onderbreking van acht jaar na de ondergang van de Royal Association Athl\u00e9tique Louvi\u00e9roise, keerde de club terug op het veld aan het begin van het kampioenschap 2017-2018. Het was op dat moment dat Salvatore Curaba, een voormalige RAAL-speler en zakenman uit Louviers, zijn wens uitsprak om de historische club uit de Cit\u00e9 des Loups opnieuw op te richten.<\/p>\n<p>Omringd door een team van vrijwilligers, professionals en enthousiastelingen heeft de oprichter van <strong>EASI<\/strong> het nummer 94 overgenomen om opnieuw te beginnen en het nieuwe <strong>RAAL-boek<\/strong> te schrijven. Door zijn participatieve beheer, zijn waarden van respect, positivisme, gelijkheid, organisatie, strengheid, delen en geluk, en zijn betrokkenheid bij het leven van de stad, wil de nieuwe entiteit van Louviers de reputatie van de club en de regio herstellen.<\/p>\n\t\t\t\t\t\t<\/div>\n\t\t\t\t<\/div>\n\t\t\t\t\t\t<\/div>\r\n\t\t\t\t<\/div>\r\n\t\t\t\t\t\t\t\t\t<div class=\" elementor-column elementor-col-50 elementor-top-column elementor-element elementor-element-8ff7731 \" data-id=\"8ff7731\" data-element_type=\"column\">\r\n\r\n\t\t\t\t\r\n\t\t\t\t<div class=\"elementor-widget-wrap elementor-element-populated\">\r\n\t\t\t\t\t\t\t\t\t\t\r\n\t\t\t\t\t\t<div class=\"elementor-element elementor-element-7401305 elementor-widget elementor-widget-video\" data-id=\"7401305\" data-element_type=\"widget\" data-settings=\"{&quot;youtube_url&quot;:&quot;https:\\\/\\\/www.youtube.com\\\/watch?v=hKTymWF7WqY&quot;,&quot;video_type&quot;:&quot;youtube&quot;,&quot;controls&quot;:&quot;yes&quot;}\" data-widget_type=\"video.default\">\n\t\t\t\t<div class=\"elementor-widget-container\">\n\t\t\t<style>\/*! elementor - v3.18.0 - 20-12-2023 *\/\n.elementor-widget-video .elementor-widget-container{overflow:hidden;transform:translateZ(0)}.elementor-widget-video .elementor-wrapper{aspect-ratio:var(--video-aspect-ratio)}.elementor-widget-video .elementor-wrapper iframe,.elementor-widget-video .elementor-wrapper video{height:100%;width:100%;display:flex;border:none;background-color:#000}@supports not (aspect-ratio:1\/1){.elementor-widget-video .elementor-wrapper{position:relative;overflow:hidden;height:0;padding-bottom:calc(100% \/ var(--video-aspect-ratio))}.elementor-widget-video .elementor-wrapper iframe,.elementor-widget-video .elementor-wrapper video{position:absolute;top:0;right:0;bottom:0;left:0}}.elementor-widget-video .elementor-open-inline .elementor-custom-embed-image-overlay{position:absolute;top:0;right:0;bottom:0;left:0;background-size:cover;background-position:50%}.elementor-widget-video .elementor-custom-embed-image-overlay{cursor:pointer;text-align:center}.elementor-widget-video .elementor-custom-embed-image-overlay:hover .elementor-custom-embed-play i{opacity:1}.elementor-widget-video .elementor-custom-embed-image-overlay img{display:block;width:100%;aspect-ratio:var(--video-aspect-ratio);-o-object-fit:cover;object-fit:cover;-o-object-position:center center;object-position:center center}@supports not (aspect-ratio:1\/1){.elementor-widget-video .elementor-custom-embed-image-overlay{position:relative;overflow:hidden;height:0;padding-bottom:calc(100% \/ var(--video-aspect-ratio))}.elementor-widget-video .elementor-custom-embed-image-overlay img{position:absolute;top:0;right:0;bottom:0;left:0}}.elementor-widget-video .e-hosted-video .elementor-video{-o-object-fit:cover;object-fit:cover}.e-con-inner>.elementor-widget-video,.e-con>.elementor-widget-video{width:var(--container-widget-width);--flex-grow:var(--container-widget-flex-grow)}<\/style>\t\t<div class=\"elementor-wrapper elementor-open-inline\">\n\t\t\t<div class=\"elementor-video\"><\/div>\t\t<\/div>\n\t\t\t\t<\/div>\n\t\t\t\t<\/div>\n\t\t\t\t\t\t<\/div>\r\n\t\t\t\t<\/div>\r\n\t\t\t\t\t\t\t\t<\/div>\r\n\t\t\t<\/section>\r\n\t\t\t\t\t<section class=\" elementor-section elementor-top-section elementor-element elementor-element-333da24 elementor-section-boxed elementor-section-height-default elementor-section-height-default\" data-id=\"333da24\" data-element_type=\"section\">\r\n\t\t\t\t\t\t\t\t<div class=\"elementor-container elementor-column-gap-default\">\r\n\t\t\t\t\r\n\t\t\t\t\t\t\t\t<div class=\" elementor-column elementor-col-100 elementor-top-column elementor-element elementor-element-bdc2806 \" data-id=\"bdc2806\" data-element_type=\"column\">\r\n\r\n\t\t\t\t\r\n\t\t\t\t<div class=\"elementor-widget-wrap elementor-element-populated\">\r\n\t\t\t\t\t\t\t\t\t\t\r\n\t\t\t\t\t\t<div class=\"elementor-element elementor-element-32c3d77 elementor-widget elementor-widget-spacer\" data-id=\"32c3d77\" data-element_type=\"widget\" data-widget_type=\"spacer.default\">\n\t\t\t\t<div class=\"elementor-widget-container\">\n\t\t\t\t\t<div class=\"elementor-spacer\">\n\t\t\t<div class=\"elementor-spacer-inner\"><\/div>\n\t\t<\/div>\n\t\t\t\t<\/div>\n\t\t\t\t<\/div>\n\t\t\t\t\t\t<\/div>\r\n\t\t\t\t<\/div>\r\n\t\t\t\t\t\t\t\t<\/div>\r\n\t\t\t<\/section>\r\n\t\t\t\t\t<section class=\" elementor-section elementor-top-section elementor-element elementor-element-4a426bd elementor-section-boxed elementor-section-height-default elementor-section-height-default\" data-id=\"4a426bd\" data-element_type=\"section\">\r\n\t\t\t\t\t\t\t\t<div class=\"elementor-container elementor-column-gap-default\">\r\n\t\t\t\t\r\n\t\t\t\t\t\t\t\t<div class=\" elementor-column elementor-col-50 elementor-top-column elementor-element elementor-element-1b3bbc2 \" data-id=\"1b3bbc2\" data-element_type=\"column\">\r\n\r\n\t\t\t\t\r\n\t\t\t\t<div class=\"elementor-widget-wrap elementor-element-populated\">\r\n\t\t\t\t\t\t\t\t\t\t\r\n\t\t\t\t\t\t<div class=\"elementor-element elementor-element-bdd9fbe elementor-widget elementor-widget-video\" data-id=\"bdd9fbe\" data-element_type=\"widget\" data-settings=\"{&quot;youtube_url&quot;:&quot;https:\\\/\\\/www.youtube.com\\\/watch?v=LvgYX96W4gY&quot;,&quot;video_type&quot;:&quot;youtube&quot;,&quot;controls&quot;:&quot;yes&quot;}\" data-widget_type=\"video.default\">\n\t\t\t\t<div class=\"elementor-widget-container\">\n\t\t\t\t\t<div class=\"elementor-wrapper elementor-open-inline\">\n\t\t\t<div class=\"elementor-video\"><\/div>\t\t<\/div>\n\t\t\t\t<\/div>\n\t\t\t\t<\/div>\n\t\t\t\t\t\t<\/div>\r\n\t\t\t\t<\/div>\r\n\t\t\t\t\t\t\t\t\t<div class=\" elementor-column elementor-col-50 elementor-top-column elementor-element elementor-element-5eb5e9b \" data-id=\"5eb5e9b\" data-element_type=\"column\">\r\n\r\n\t\t\t\t\r\n\t\t\t\t<div class=\"elementor-widget-wrap elementor-element-populated\">\r\n\t\t\t\t\t\t\t\t\t\t\r\n\t\t\t\t\t\t<div class=\"elementor-element elementor-element-f64611c elementor-widget elementor-widget-text-editor\" data-id=\"f64611c\" data-element_type=\"widget\" data-widget_type=\"text-editor.default\">\n\t\t\t\t<div class=\"elementor-widget-container\">\n\t\t\t\t\t\t\t<h3><strong>Waarom ondersteunt Bidfood RAAL?<\/strong><\/h3>\n\t\t\t\t\t\t<\/div>\n\t\t\t\t<\/div>\n\t\t\t\t<div class=\"elementor-element elementor-element-fd6d64a elementor-widget elementor-widget-text-editor\" data-id=\"fd6d64a\" data-element_type=\"widget\" data-widget_type=\"text-editor.default\">\n\t\t\t\t<div class=\"elementor-widget-container\">\n\t\t\t\t\t\t\t<p>Sinds de komst van Salvatore Curaba wil RAAL een voetbalclub zijn met sterke waarden en prettige trainings- en werkomstandigheden voor zowel kinderen als coaches.<\/p>\n<p>Bidfood was op zoek naar een sociaal project met als doel het bedrijf dichter bij de maatschappij te brengen waarin het opereert.<\/p>\n<p>Zo ontstond de samenwerking tussen Bidfood en RAAL, die verder gaat dan sponsoring alleen. Het doel is om een bepaald aantal mensen een gevoel van welzijn te geven en om zoveel mogelijk kinderen de kans te geven zich te ontwikkelen door middel van sport, iets wat ze zonder de hulp van Bidfood niet zouden kunnen.<\/p>\n\t\t\t\t\t\t<\/div>\n\t\t\t\t<\/div>\n\t\t\t\t\t\t<\/div>\r\n\t\t\t\t<\/div>\r\n\t\t\t\t\t\t\t\t<\/div>\r\n\t\t\t<\/section>\r\n\t\t\t\t\t\t\t\t<\/div>\n\t\t","protected":false},"excerpt":{"rendered":"<p>Bidfood is trots om RAAL te steunen Wat is RAAL? RAAL La Louvi\u00e8re is een Belgische voetbalclub uit La Louvi\u00e8re, in de regio Centre. Na een onderbreking van acht jaar na de ondergang van de Royal Association Athl\u00e9tique Louvi\u00e9roise, keerde de club terug op het veld aan het begin van het kampioenschap 2017-2018. Het was [&hellip;]<\/p>\n","protected":false},"author":2,"featured_media":0,"parent":2813,"menu_order":0,"comment_status":"closed","ping_status":"closed","template":"","meta":{"_monsterinsights_skip_tracking":false,"_monsterinsights_sitenote_active":false,"_monsterinsights_sitenote_note":"","_monsterinsights_sitenote_category":0,"footnotes":""},"class_list":["post-5275","page","type-page","status-publish","hentry"],"yoast_head":"<!-- This site is optimized with the Yoast SEO plugin v27.0 - https:\/\/yoast.com\/product\/yoast-seo-wordpress\/ -->\n<title>RAAL - Bidfood Belgium<\/title>\n<meta name=\"robots\" content=\"index, follow, max-snippet:-1, max-image-preview:large, max-video-preview:-1\" \/>\n<link rel=\"canonical\" href=\"https:\/\/www.bidfood.be\/nl\/mvo\/raal\/\" \/>\n<meta property=\"og:locale\" content=\"nl_NL\" \/>\n<meta property=\"og:type\" content=\"article\" \/>\n<meta property=\"og:title\" content=\"RAAL - Bidfood Belgium\" \/>\n<meta property=\"og:description\" content=\"Bidfood is trots om RAAL te steunen Wat is RAAL? RAAL La Louvi\u00e8re is een Belgische voetbalclub uit La Louvi\u00e8re, in de regio Centre. Na een onderbreking van acht jaar na de ondergang van de Royal Association Athl\u00e9tique Louvi\u00e9roise, keerde de club terug op het veld aan het begin van het kampioenschap 2017-2018. Het was [&hellip;]\" \/>\n<meta property=\"og:url\" content=\"https:\/\/www.bidfood.be\/nl\/mvo\/raal\/\" \/>\n<meta property=\"og:site_name\" content=\"Bidfood Belgium\" \/>\n<meta property=\"article:publisher\" content=\"https:\/\/www.facebook.com\/bidfoodbelgium\" \/>\n<meta property=\"article:modified_time\" content=\"2023-10-09T12:08:34+00:00\" \/>\n<meta name=\"twitter:card\" content=\"summary_large_image\" \/>\n<meta name=\"twitter:label1\" content=\"Geschatte leestijd\" \/>\n\t<meta name=\"twitter:data1\" content=\"1 minuut\" \/>\n<script type=\"application\/ld+json\" class=\"yoast-schema-graph\">{\"@context\":\"https:\/\/schema.org\",\"@graph\":[{\"@type\":\"WebPage\",\"@id\":\"https:\/\/www.bidfood.be\/nl\/mvo\/raal\/\",\"url\":\"https:\/\/www.bidfood.be\/nl\/mvo\/raal\/\",\"name\":\"RAAL - Bidfood Belgium\",\"isPartOf\":{\"@id\":\"https:\/\/www.bidfood.be\/nl\/#website\"},\"datePublished\":\"2023-06-27T09:08:00+00:00\",\"dateModified\":\"2023-10-09T12:08:34+00:00\",\"breadcrumb\":{\"@id\":\"https:\/\/www.bidfood.be\/nl\/mvo\/raal\/#breadcrumb\"},\"inLanguage\":\"nl-NL\",\"potentialAction\":[{\"@type\":\"ReadAction\",\"target\":[\"https:\/\/www.bidfood.be\/nl\/mvo\/raal\/\"]}]},{\"@type\":\"BreadcrumbList\",\"@id\":\"https:\/\/www.bidfood.be\/nl\/mvo\/raal\/#breadcrumb\",\"itemListElement\":[{\"@type\":\"ListItem\",\"position\":1,\"name\":\"Accueil\",\"item\":\"https:\/\/www.bidfood.be\/nl\/\"},{\"@type\":\"ListItem\",\"position\":2,\"name\":\"MVO\",\"item\":\"https:\/\/www.bidfood.be\/nl\/mvo\/\"},{\"@type\":\"ListItem\",\"position\":3,\"name\":\"RAAL\"}]},{\"@type\":\"WebSite\",\"@id\":\"https:\/\/www.bidfood.be\/nl\/#website\",\"url\":\"https:\/\/www.bidfood.be\/nl\/\",\"name\":\"Bidfood Belgium\",\"description\":\"Inspired By You\",\"publisher\":{\"@id\":\"https:\/\/www.bidfood.be\/nl\/#organization\"},\"potentialAction\":[{\"@type\":\"SearchAction\",\"target\":{\"@type\":\"EntryPoint\",\"urlTemplate\":\"https:\/\/www.bidfood.be\/nl\/?s={search_term_string}\"},\"query-input\":{\"@type\":\"PropertyValueSpecification\",\"valueRequired\":true,\"valueName\":\"search_term_string\"}}],\"inLanguage\":\"nl-NL\"},{\"@type\":\"Organization\",\"@id\":\"https:\/\/www.bidfood.be\/nl\/#organization\",\"name\":\"Bidfood Belgium\",\"url\":\"https:\/\/www.bidfood.be\/nl\/\",\"logo\":{\"@type\":\"ImageObject\",\"inLanguage\":\"nl-NL\",\"@id\":\"https:\/\/www.bidfood.be\/nl\/#\/schema\/logo\/image\/\",\"url\":\"https:\/\/www.bidfood.be\/wp-content\/uploads\/2022\/11\/bidfood-logo-site-350x100-1.png\",\"contentUrl\":\"https:\/\/www.bidfood.be\/wp-content\/uploads\/2022\/11\/bidfood-logo-site-350x100-1.png\",\"width\":350,\"height\":100,\"caption\":\"Bidfood Belgium\"},\"image\":{\"@id\":\"https:\/\/www.bidfood.be\/nl\/#\/schema\/logo\/image\/\"},\"sameAs\":[\"https:\/\/www.facebook.com\/bidfoodbelgium\",\"https:\/\/www.linkedin.com\/company\/bidfood-belgium\/\",\"https:\/\/www.instagram.com\/bidfoodbe\/\"]}]}<\/script>\n<!-- \/ Yoast SEO plugin. -->","yoast_head_json":{"title":"RAAL - Bidfood Belgium","robots":{"index":"index","follow":"follow","max-snippet":"max-snippet:-1","max-image-preview":"max-image-preview:large","max-video-preview":"max-video-preview:-1"},"canonical":"https:\/\/www.bidfood.be\/nl\/mvo\/raal\/","og_locale":"nl_NL","og_type":"article","og_title":"RAAL - Bidfood Belgium","og_description":"Bidfood is trots om RAAL te steunen Wat is RAAL? RAAL La Louvi\u00e8re is een Belgische voetbalclub uit La Louvi\u00e8re, in de regio Centre. Na een onderbreking van acht jaar na de ondergang van de Royal Association Athl\u00e9tique Louvi\u00e9roise, keerde de club terug op het veld aan het begin van het kampioenschap 2017-2018. Het was [&hellip;]","og_url":"https:\/\/www.bidfood.be\/nl\/mvo\/raal\/","og_site_name":"Bidfood Belgium","article_publisher":"https:\/\/www.facebook.com\/bidfoodbelgium","article_modified_time":"2023-10-09T12:08:34+00:00","twitter_card":"summary_large_image","twitter_misc":{"Geschatte leestijd":"1 minuut"},"schema":{"@context":"https:\/\/schema.org","@graph":[{"@type":"WebPage","@id":"https:\/\/www.bidfood.be\/nl\/mvo\/raal\/","url":"https:\/\/www.bidfood.be\/nl\/mvo\/raal\/","name":"RAAL - Bidfood Belgium","isPartOf":{"@id":"https:\/\/www.bidfood.be\/nl\/#website"},"datePublished":"2023-06-27T09:08:00+00:00","dateModified":"2023-10-09T12:08:34+00:00","breadcrumb":{"@id":"https:\/\/www.bidfood.be\/nl\/mvo\/raal\/#breadcrumb"},"inLanguage":"nl-NL","potentialAction":[{"@type":"ReadAction","target":["https:\/\/www.bidfood.be\/nl\/mvo\/raal\/"]}]},{"@type":"BreadcrumbList","@id":"https:\/\/www.bidfood.be\/nl\/mvo\/raal\/#breadcrumb","itemListElement":[{"@type":"ListItem","position":1,"name":"Accueil","item":"https:\/\/www.bidfood.be\/nl\/"},{"@type":"ListItem","position":2,"name":"MVO","item":"https:\/\/www.bidfood.be\/nl\/mvo\/"},{"@type":"ListItem","position":3,"name":"RAAL"}]},{"@type":"WebSite","@id":"https:\/\/www.bidfood.be\/nl\/#website","url":"https:\/\/www.bidfood.be\/nl\/","name":"Bidfood Belgium","description":"Inspired By You","publisher":{"@id":"https:\/\/www.bidfood.be\/nl\/#organization"},"potentialAction":[{"@type":"SearchAction","target":{"@type":"EntryPoint","urlTemplate":"https:\/\/www.bidfood.be\/nl\/?s={search_term_string}"},"query-input":{"@type":"PropertyValueSpecification","valueRequired":true,"valueName":"search_term_string"}}],"inLanguage":"nl-NL"},{"@type":"Organization","@id":"https:\/\/www.bidfood.be\/nl\/#organization","name":"Bidfood Belgium","url":"https:\/\/www.bidfood.be\/nl\/","logo":{"@type":"ImageObject","inLanguage":"nl-NL","@id":"https:\/\/www.bidfood.be\/nl\/#\/schema\/logo\/image\/","url":"https:\/\/www.bidfood.be\/wp-content\/uploads\/2022\/11\/bidfood-logo-site-350x100-1.png","contentUrl":"https:\/\/www.bidfood.be\/wp-content\/uploads\/2022\/11\/bidfood-logo-site-350x100-1.png","width":350,"height":100,"caption":"Bidfood Belgium"},"image":{"@id":"https:\/\/www.bidfood.be\/nl\/#\/schema\/logo\/image\/"},"sameAs":["https:\/\/www.facebook.com\/bidfoodbelgium","https:\/\/www.linkedin.com\/company\/bidfood-belgium\/","https:\/\/www.instagram.com\/bidfoodbe\/"]}]}},"_links":{"self":[{"href":"https:\/\/www.bidfood.be\/nl\/wp-json\/wp\/v2\/pages\/5275","targetHints":{"allow":["GET"]}}],"collection":[{"href":"https:\/\/www.bidfood.be\/nl\/wp-json\/wp\/v2\/pages"}],"about":[{"href":"https:\/\/www.bidfood.be\/nl\/wp-json\/wp\/v2\/types\/page"}],"author":[{"embeddable":true,"href":"https:\/\/www.bidfood.be\/nl\/wp-json\/wp\/v2\/users\/2"}],"replies":[{"embeddable":true,"href":"https:\/\/www.bidfood.be\/nl\/wp-json\/wp\/v2\/comments?post=5275"}],"version-history":[{"count":3,"href":"https:\/\/www.bidfood.be\/nl\/wp-json\/wp\/v2\/pages\/5275\/revisions"}],"predecessor-version":[{"id":5278,"href":"https:\/\/www.bidfood.be\/nl\/wp-json\/wp\/v2\/pages\/5275\/revisions\/5278"}],"up":[{"embeddable":true,"href":"https:\/\/www.bidfood.be\/nl\/wp-json\/wp\/v2\/pages\/2813"}],"wp:attachment":[{"href":"https:\/\/www.bidfood.be\/nl\/wp-json\/wp\/v2\/media?parent=5275"}],"curies":[{"name":"wp","href":"https:\/\/api.w.org\/{rel}","templated":true}]}}